{"id":72,"date":"2025-04-17T13:17:39","date_gmt":"2025-04-17T11:17:39","guid":{"rendered":"http:\/\/degaspericinema.com\/?page_id=72"},"modified":"2026-01-23T14:10:16","modified_gmt":"2026-01-23T13:10:16","slug":"publicite","status":"publish","type":"page","link":"https:\/\/degaspericinema.com\/index.php\/publicite\/","title":{"rendered":"Publicit\u00e9"},"content":{"rendered":"<div class=\"\" style=\"\" >\n    \n    <section class=\"u-clearfix u-image u-shading u-section-2\" id=\"block-1\" style=\"background-image: linear-gradient(rgba(0, 0, 0, 0.3), rgba(0, 0, 0, 0.3)), url(&quot;https:\/\/degaspericinema.com\/wp-content\/uploads\/2026\/01\/lens-490806.jpg&quot;);\">\n      <div class=\"u-clearfix u-sheet u-valign-middle u-sheet-1\">\n        <p class=\"u-align-center u-custom-font u-font-montserrat u-text u-text-default u-text-1\"> Deux esprits, une vision : mettre en lumi\u00e8re ce qui vous rend unique. Nous concevons des publicit\u00e9s pens\u00e9es pour captiver l'\u0153il et valoriser durablement votre savoir-faire<\/p>\n      <\/div>\n    <\/section>\n    <section class=\"u-clearfix u-gradient u-section-3\" id=\"block-2\">\n      <img decoding=\"async\" class=\"custom-expanded u-image u-image-contain u-image-default u-image-1\" src=\"https:\/\/degaspericinema.com\/wp-content\/uploads\/2026\/01\/Logo1-scaled.png\" alt=\"\" data-image-width=\"9947\" data-image-height=\"1249\">\n      <div class=\"u-custom-color-30 u-expanded-width u-shape u-shape-rectangle u-shape-1\" data-animation-name=\"customAnimationIn\" data-animation-duration=\"1000\" data-animation-delay=\"0\"><\/div>\n      <div class=\"custom-expanded u-border-3 u-border-custom-color-30 u-video u-video-contain u-video-1\">\n        <div class=\"embed-responsive embed-responsive-1\">\n          <iframe style=\"position: absolute;top: 0;left: 0;width: 100%;height: 100%;\" class=\"embed-responsive-item\" src=\"https:\/\/www.youtube.com\/embed\/zQuIL5vBm-0?mute=0&amp;showinfo=0&amp;controls=0&amp;start=0\" frameborder=\"0\" allowfullscreen=\"\"><\/iframe>\n        <\/div>\n      <\/div>\n      <p class=\"u-align-center-md u-align-center-sm u-align-center-xs u-custom-font u-font-montserrat u-text u-text-body-alt-color u-text-1\"> Du r\u00e9tablissement \u00e0 la performance : d\u00e9couvrez comment nous avons mis en lumi\u00e8re ce cabinet unique, o\u00f9 l'expertise du soin rencontre l'\u00e9nergie du sport pour accompagner chaque g\u00e9n\u00e9ration, du jeune athl\u00e8te au senior.<\/p>\n    <\/section>\n    <section class=\"u-clearfix u-gradient u-valign-middle-md u-valign-middle-sm u-section-4\" id=\"block-3\">\n      <div class=\"u-custom-color-31 u-expanded-width u-shape u-shape-rectangle u-shape-1\" data-animation-name=\"customAnimationIn\" data-animation-duration=\"1000\" data-animation-delay=\"0\"><\/div>\n      <img decoding=\"async\" class=\"u-image u-image-contain u-image-default u-preserve-proportions u-image-1\" src=\"https:\/\/degaspericinema.com\/wp-content\/uploads\/2026\/01\/Logoglagrotte.png\" alt=\"\" data-image-width=\"1024\" data-image-height=\"1024\">\n      <div class=\"custom-expanded u-border-3 u-border-custom-color-31 u-video u-video-contain u-video-1\">\n        <div class=\"embed-responsive embed-responsive-1\">\n          <iframe style=\"position: absolute;top: 0;left: 0;width: 100%;height: 100%;\" class=\"embed-responsive-item\" src=\"https:\/\/www.youtube.com\/embed\/C6_GI2K-ZCo?mute=0&amp;showinfo=0&amp;controls=0&amp;start=0\" frameborder=\"0\" allowfullscreen=\"\"><\/iframe>\n        <\/div>\n      <\/div>\n      <p class=\"u-align-center-md u-align-center-sm u-align-center-xs u-custom-font u-font-montserrat u-text u-text-body-alt-color u-text-1\"> Plongez dans l'ambiance de 'La Grotte'. Notre r\u00e9alisation met en lumi\u00e8re la diversit\u00e9 d'une carte g\u00e9n\u00e9reuse et l'atmosph\u00e8re chaleureuse d'une salle o\u00f9 l'on vient pour la cuisine, mais o\u00f9 l'on reste pour le plaisir d'\u00eatre ensemble.Exemple de texte.<\/p>\n    <\/section>\n    \n    \n    \n  \n<\/div>","protected":false},"excerpt":{"rendered":"<p>Deux esprits, une vision : mettre en lumi\u00e8re ce qui vous rend unique. Nous concevons des publicit\u00e9s pens\u00e9es pour captiver l&rsquo;\u0153il et valoriser durablement votre savoir-faire Du r\u00e9tablissement \u00e0 la performance : d\u00e9couvrez comment nous avons mis en lumi\u00e8re ce cabinet unique, o\u00f9 l&rsquo;expertise du soin rencontre l&rsquo;\u00e9nergie du sport pour accompagner chaque g\u00e9n\u00e9ration, du [&hellip;]<\/p>\n","protected":false},"author":1,"featured_media":0,"parent":0,"menu_order":0,"comment_status":"closed","ping_status":"closed","template":"","meta":{"footnotes":""},"class_list":["post-72","page","type-page","status-publish","hentry"],"_links":{"self":[{"href":"https:\/\/degaspericinema.com\/index.php\/wp-json\/wp\/v2\/pages\/72","targetHints":{"allow":["GET"]}}],"collection":[{"href":"https:\/\/degaspericinema.com\/index.php\/wp-json\/wp\/v2\/pages"}],"about":[{"href":"https:\/\/degaspericinema.com\/index.php\/wp-json\/wp\/v2\/types\/page"}],"author":[{"embeddable":true,"href":"https:\/\/degaspericinema.com\/index.php\/wp-json\/wp\/v2\/users\/1"}],"replies":[{"embeddable":true,"href":"https:\/\/degaspericinema.com\/index.php\/wp-json\/wp\/v2\/comments?post=72"}],"version-history":[{"count":12,"href":"https:\/\/degaspericinema.com\/index.php\/wp-json\/wp\/v2\/pages\/72\/revisions"}],"predecessor-version":[{"id":625,"href":"https:\/\/degaspericinema.com\/index.php\/wp-json\/wp\/v2\/pages\/72\/revisions\/625"}],"wp:attachment":[{"href":"https:\/\/degaspericinema.com\/index.php\/wp-json\/wp\/v2\/media?parent=72"}],"curies":[{"name":"wp","href":"https:\/\/api.w.org\/{rel}","templated":true}]}}