{"id":562,"date":"2026-01-14T16:07:41","date_gmt":"2026-01-14T15:07:41","guid":{"rendered":"https:\/\/degaspericinema.com\/?page_id=562"},"modified":"2026-02-02T13:32:44","modified_gmt":"2026-02-02T12:32:44","slug":"drone","status":"publish","type":"page","link":"https:\/\/degaspericinema.com\/index.php\/drone\/","title":{"rendered":"Drone"},"content":{"rendered":"<div class=\"\" style=\"\" >\n    \n    <section class=\"u-clearfix u-image u-shading u-section-2\" id=\"block-1\" style=\"background-image: linear-gradient(rgba(0, 0, 0, 0.3), rgba(0, 0, 0, 0.3)), url(&quot;https:\/\/degaspericinema.com\/wp-content\/uploads\/2026\/01\/9e2b332b0ce8fc5f89dea4811f0570f28f8379c85067dbf7c283b8545a5c64cea5540b15cdce9197cf9305592da6e07523fe71175036798c7a2d66_1280.jpg&quot;);\">\n      <div class=\"u-clearfix u-sheet u-valign-middle-xs u-sheet-1\">\n        <p class=\"u-align-center u-custom-font u-font-montserrat u-text u-text-1\"> Donnez de la hauteur \u00e0 vos projets : un suivi de chantier pr\u00e9cis, s\u00e9curis\u00e9 et certifi\u00e9.<\/p>\n      <\/div>\n    <\/section>\n    <section class=\"u-clearfix u-gradient u-valign-middle-md u-valign-middle-sm u-valign-middle-xs u-section-3\" id=\"block-5\">\n      <div class=\"u-border-3 u-border-palette-4-dark-2 u-expanded-width u-line u-line-horizontal u-line-1\"><\/div>\n      <p class=\"u-align-center u-custom-font u-font-montserrat u-text u-text-body-alt-color u-text-1\">L'\u00e9volution de vos chantiers en format court : un suivi long terme combinant prises de vue drone, motion design et mise en avant des experts de la r\u00e9novation\u200b\u200b.<\/p>\n      <div class=\"u-align-left-lg u-align-left-xl u-border-3 u-border-palette-4-dark-2 u-expanded-width u-line u-line-horizontal u-line-2\"><\/div>\n    <\/section>\n    <section class=\"u-clearfix u-gradient u-section-4\" id=\"block-2\">\n      <p class=\"u-custom-font u-font-montserrat u-text u-text-default u-text-1\"> Exemple de texte. Cliquez pour s\u00e9lectionner l'\u00e9l\u00e9ment de texte.<\/p>\n      <p class=\"u-align-left-lg u-align-left-md u-align-left-sm u-align-left-xl u-custom-font u-font-montserrat u-text u-text-body-alt-color u-text-2\">Le Jabron<\/p>\n      <div class=\"u-expanded-width u-palette-4-dark-2 u-shape u-shape-rectangle u-shape-1\" data-animation-name=\"customAnimationIn\" data-animation-duration=\"1000\" data-animation-delay=\"0\"><\/div>\n      <div class=\"custom-expanded u-border-3 u-border-palette-4-dark-2 u-video u-video-contain u-video-1\">\n        <div class=\"embed-responsive embed-responsive-1\">\n          <iframe style=\"position: absolute;top: 0;left: 0;width: 100%;height: 100%;\" class=\"embed-responsive-item\" src=\"https:\/\/www.youtube.com\/embed\/7tLtLIQwA9k?mute=0&amp;showinfo=0&amp;controls=0&amp;start=0\" frameborder=\"0\" allowfullscreen=\"\"><\/iframe>\n        <\/div>\n      <\/div>\n      <p class=\"u-align-center-md u-align-center-sm u-align-center-xs u-align-left-lg u-align-left-xl u-custom-font u-font-montserrat u-text u-text-body-alt-color u-text-3\">R\u00e9novation \u00e9nerg\u00e9tique \u00e0 Mont\u00e9limar : immersion sur le b\u00e2timent Jabron. Une comparaison saisissante entre f\u00e9vrier 2024 et octobre 2025 pour illustrer la m\u00e9tamorphose thermique du projet. <\/p>\n    <\/section>\n    <section class=\"u-clearfix u-gradient u-section-5\" id=\"block-3\">\n      <p class=\"u-custom-font u-font-montserrat u-text u-text-body-alt-color u-text-1\">Les Corsaires <\/p>\n      <div class=\"u-expanded-width u-palette-4-dark-2 u-shape u-shape-rectangle u-shape-1\" data-animation-name=\"customAnimationIn\" data-animation-duration=\"1000\" data-animation-delay=\"0\"><\/div>\n      <div class=\"u-border-3 u-border-palette-4-dark-2 u-video u-video-contain u-video-1\">\n        <div class=\"embed-responsive embed-responsive-1\">\n          <iframe style=\"position: absolute;top: 0;left: 0;width: 100%;height: 100%;\" class=\"embed-responsive-item\" src=\"https:\/\/www.youtube.com\/embed\/iAgdNST_ehY?mute=0&amp;showinfo=0&amp;controls=0&amp;start=0\" frameborder=\"0\" allowfullscreen=\"\"><\/iframe>\n        <\/div>\n      <\/div>\n      <p class=\"u-align-center-md u-align-center-sm u-align-center-xs u-align-left-lg u-align-left-xl u-custom-font u-font-montserrat u-text u-text-body-alt-color u-text-2\"> R\u00e9sidence Les Corsaires \u00e0 Bourg-l\u00e8s-Valence : focus sur une r\u00e9novation \u00e9nerg\u00e9tique d'envergure. Comparez l'\u00e9volution du b\u00e2timent entre notre vol initial en juin 2024 et le r\u00e9sultat final en mars 2025.<\/p>\n    <\/section>\n    <section class=\"u-clearfix u-gradient u-section-6\" id=\"block-4\">\n      <p class=\"u-custom-font u-font-montserrat u-text u-text-body-alt-color u-text-1\">Le Lorraine <\/p>\n      <div class=\"u-expanded-width u-palette-4-dark-2 u-shape u-shape-rectangle u-shape-1\" data-animation-name=\"customAnimationIn\" data-animation-duration=\"1000\" data-animation-delay=\"0\"><\/div>\n      <div class=\"u-border-3 u-border-palette-4-dark-2 u-video u-video-contain u-video-1\">\n        <div class=\"embed-responsive embed-responsive-1\">\n          <iframe style=\"position: absolute;top: 0;left: 0;width: 100%;height: 100%;\" class=\"embed-responsive-item\" src=\"https:\/\/www.youtube.com\/embed\/Xtmvf7uiPV4?mute=0&amp;showinfo=0&amp;controls=0&amp;start=0\" frameborder=\"0\" allowfullscreen=\"\"><\/iframe>\n        <\/div>\n      <\/div>\n      <p class=\"u-align-center-md u-align-center-sm u-align-center-xs u-align-left-lg u-align-left-xl u-custom-font u-font-montserrat u-text u-text-body-alt-color u-text-2\"> R\u00e9novation \u00e9nerg\u00e9tique du b\u00e2timent Le Lorraine \u00e0 Valence : un suivi pr\u00e9cis pour documenter la transformation de la fa\u00e7ade et l'am\u00e9lioration thermique entre juin 2024 et mars 2025.<\/p>\n    <\/section>\n    <section class=\"u-clearfix u-gradient u-section-7\" id=\"block-7\">\n      <p class=\"u-align-center u-custom-font u-font-montserrat u-text u-text-body-alt-color u-text-1\"> Notre savoir-faire ne s'arr\u00eate pas au suivi de travaux. La preuve en images avec cette parenth\u00e8se alpine \u00e0 La Clusaz, o\u00f9 le drone devient un outil de s\u00e9duction immobili\u00e8re.<\/p>\n      <div class=\"u-expanded-width u-grey-5 u-shape u-shape-rectangle u-shape-1\" data-animation-name=\"customAnimationIn\" data-animation-duration=\"1000\" data-animation-delay=\"0\"><\/div>\n      <div class=\"u-border-3 u-border-grey-5 u-video u-video-contain u-video-1\">\n        <div class=\"embed-responsive embed-responsive-1\">\n          <iframe style=\"position: absolute;top: 0;left: 0;width: 100%;height: 100%;\" class=\"embed-responsive-item\" src=\"https:\/\/www.youtube.com\/embed\/kdB-vXkajrc?mute=0&amp;showinfo=0&amp;controls=0&amp;start=0\" frameborder=\"0\" allowfullscreen=\"\"><\/iframe>\n        <\/div>\n      <\/div>\n    <\/section>\n    <section class=\"u-clearfix u-gradient u-section-8\" id=\"block-6\">\n      \n      \n      <p class=\"u-align-center u-custom-font u-font-montserrat u-text u-text-body-alt-color u-text-1\">Prenez de la hauteur sur vos projets et gardez un \u0153il expert sur chaque \u00e9tape. <b>\n          <span style=\"font-weight: 400;\">Contactez-nous pour obtenir un<\/span> devis gratuit<\/b>&nbsp;de votre projet.\n      <\/p>\n      <div class=\"u-expanded-width u-palette-4-dark-2 u-shape u-shape-rectangle u-shape-1\"><\/div>\n      <div class=\"u-border-3 u-border-palette-4-dark-2 u-container-style u-group u-hover-feature u-image u-shading u-image-1\" data-image-width=\"2560\" data-image-height=\"1707\" data-href=\"https:\/\/degaspericinema.com\/index.php\/contact\/\" style=\"background-image: linear-gradient(rgba(0, 0, 0, 0.4), rgba(0, 0, 0, 0.4)), url(&quot;https:\/\/degaspericinema.com\/wp-content\/uploads\/2026\/01\/drone-1866742-scaled.jpg&quot;);\">\n        <div class=\"u-container-layout u-valign-middle u-container-layout-1\">\n          <p class=\"u-custom-font u-font-montserrat u-hover-feature u-text u-text-2\">\n            <a class=\"u-btn u-button-link u-button-style u-custom-font u-font-montserrat u-text-body-alt-color u-btn-1\" href=\"https:\/\/degaspericinema.com\/index.php\/contact\/\">Contactez nous<\/a>\n          <\/p>\n        <\/div>\n      <\/div>\n    <\/section>\n    \n    \n    \n  \n<\/div>","protected":false},"excerpt":{"rendered":"<p>Donnez de la hauteur \u00e0 vos projets : un suivi de chantier pr\u00e9cis, s\u00e9curis\u00e9 et certifi\u00e9. L&rsquo;\u00e9volution de vos chantiers en format court : un suivi long terme combinant prises de vue drone, motion design et mise en avant des experts de la r\u00e9novation\u200b\u200b. Exemple de texte. Cliquez pour s\u00e9lectionner l&rsquo;\u00e9l\u00e9ment de texte. Le Jabron [&hellip;]<\/p>\n","protected":false},"author":1,"featured_media":0,"parent":0,"menu_order":0,"comment_status":"closed","ping_status":"closed","template":"","meta":{"footnotes":""},"class_list":["post-562","page","type-page","status-publish","hentry"],"_links":{"self":[{"href":"https:\/\/degaspericinema.com\/index.php\/wp-json\/wp\/v2\/pages\/562","targetHints":{"allow":["GET"]}}],"collection":[{"href":"https:\/\/degaspericinema.com\/index.php\/wp-json\/wp\/v2\/pages"}],"about":[{"href":"https:\/\/degaspericinema.com\/index.php\/wp-json\/wp\/v2\/types\/page"}],"author":[{"embeddable":true,"href":"https:\/\/degaspericinema.com\/index.php\/wp-json\/wp\/v2\/users\/1"}],"replies":[{"embeddable":true,"href":"https:\/\/degaspericinema.com\/index.php\/wp-json\/wp\/v2\/comments?post=562"}],"version-history":[{"count":18,"href":"https:\/\/degaspericinema.com\/index.php\/wp-json\/wp\/v2\/pages\/562\/revisions"}],"predecessor-version":[{"id":664,"href":"https:\/\/degaspericinema.com\/index.php\/wp-json\/wp\/v2\/pages\/562\/revisions\/664"}],"wp:attachment":[{"href":"https:\/\/degaspericinema.com\/index.php\/wp-json\/wp\/v2\/media?parent=562"}],"curies":[{"name":"wp","href":"https:\/\/api.w.org\/{rel}","templated":true}]}}