{"id":427,"date":"2026-01-08T17:39:04","date_gmt":"2026-01-08T16:39:04","guid":{"rendered":"https:\/\/degaspericinema.com\/?page_id=427"},"modified":"2026-01-14T14:53:35","modified_gmt":"2026-01-14T13:53:35","slug":"mariage-m-r","status":"publish","type":"page","link":"https:\/\/degaspericinema.com\/index.php\/mariage-m-r\/","title":{"rendered":"Mariage M R"},"content":{"rendered":"<div class=\"\" style=\"\" >\n    \n    <section class=\"u-clearfix u-gradient u-section-2\" id=\"block-1\">\n      <div class=\"u-clearfix u-sheet u-valign-middle-lg u-valign-middle-md u-valign-middle-sm u-valign-middle-xl u-sheet-1\">\n        <p class=\"u-align-left u-custom-font u-font-montserrat u-text u-text-body-alt-color u-text-default u-text-1\">Maeva &amp; Robin<\/p>\n        <p class=\"u-custom-font u-font-montserrat u-text u-text-body-alt-color u-text-2\">Degaspe<span style=\"font-weight: 300;\"><\/span>ri Cinema \n        <\/p>\n        <p class=\"u-align-center-xs u-custom-font u-font-montserrat u-text u-text-body-alt-color u-text-default u-text-3\">Sous le soleil chaleureux de l\u2019\u00e9t\u00e9 ard\u00e9chois, Ma\u00ebva et Robin ont c\u00e9l\u00e9br\u00e9 leur mariage entour\u00e9s de 40 \u00e0 50 proches, dans le cadre naturel et \u00e9l\u00e9gant d\u2019un domaine. Baign\u00e9e de lumi\u00e8re et de douceur estivale, cette journ\u00e9e a \u00e9t\u00e9 marqu\u00e9e par une ambiance intime et authentique.<br>Nous avons captur\u00e9 chaque instant avec une approche cin\u00e9matographique, mettant en valeur les \u00e9motions sinc\u00e8res, les \u00e9changes spontan\u00e9s et la beaut\u00e9 du lieu, afin de cr\u00e9er un film lumineux et intemporel. \n        <\/p>\n      <\/div>\n    <\/section>\n    <section class=\"u-clearfix u-gradient u-section-3\" id=\"block-2\">\n      <div class=\"u-clearfix u-sheet u-sheet-1\">\n        <div class=\"u-expanded-width u-gallery u-layout-horizontal u-lightbox u-no-transition u-show-text-on-hover u-gallery-1\">\n          <div class=\"u-gallery-inner\"><div class=\"u-effect-fade u-gallery-item u-gallery-item-1\"><div class=\"u-back-slide\" data-image-width=\"2048\" data-image-height=\"1152\"><img decoding=\"async\" class=\"u-back-image\" src=\"https:\/\/degaspericinema.com\/wp-content\/uploads\/2026\/01\/Upscale-2025-12-09-11_23_41.png\">\n<\/div><div class=\"u-over-slide u-shading u-over-slide-1\"><\/div>\n<\/div><div class=\"u-effect-fade u-gallery-item u-gallery-item-2\"><div class=\"u-back-slide\" data-image-width=\"2048\" data-image-height=\"1152\"><img decoding=\"async\" class=\"u-back-image\" src=\"https:\/\/degaspericinema.com\/wp-content\/uploads\/2026\/01\/Upscale-2025-12-09-11_23_01.png\">\n<\/div><div class=\"u-over-slide u-shading u-over-slide-2\"><\/div>\n<\/div><div class=\"u-effect-fade u-gallery-item u-gallery-item-3\" data-image-width=\"2048\" data-image-height=\"1152\"><div class=\"u-back-slide\"><img decoding=\"async\" class=\"u-back-image\" src=\"https:\/\/degaspericinema.com\/wp-content\/uploads\/2026\/01\/Upscale-2025-12-09-11_23_18.png\">\n<\/div><div class=\"u-over-slide u-shading u-over-slide-3\"><\/div>\n<\/div><\/div>\n          <a class=\"u-absolute-vcenter u-gallery-nav u-gallery-nav-prev u-icon-circle u-opacity u-opacity-70 u-spacing-10 u-text-white u-gallery-nav-1\" href=\"#\" role=\"button\">\n            <span aria-hidden=\"true\">\n              <svg viewBox=\"0 0 477.175 477.175\"><path d=\"M145.188,238.575l215.5-215.5c5.3-5.3,5.3-13.8,0-19.1s-13.8-5.3-19.1,0l-225.1,225.1c-5.3,5.3-5.3,13.8,0,19.1l225.1,225\n\t\tc2.6,2.6,6.1,4,9.5,4s6.9-1.3,9.5-4c5.3-5.3,5.3-13.8,0-19.1L145.188,238.575z\"><\/path><\/svg>\n            <\/span>\n            <span class=\"sr-only\">\n              <svg viewBox=\"0 0 477.175 477.175\"><path d=\"M145.188,238.575l215.5-215.5c5.3-5.3,5.3-13.8,0-19.1s-13.8-5.3-19.1,0l-225.1,225.1c-5.3,5.3-5.3,13.8,0,19.1l225.1,225\n\t\tc2.6,2.6,6.1,4,9.5,4s6.9-1.3,9.5-4c5.3-5.3,5.3-13.8,0-19.1L145.188,238.575z\"><\/path><\/svg>\n            <\/span>\n          <\/a>\n          <a class=\"u-absolute-vcenter u-gallery-nav u-gallery-nav-next u-icon-circle u-opacity u-opacity-70 u-spacing-10 u-text-white u-gallery-nav-2\" href=\"#\" role=\"button\">\n            <span aria-hidden=\"true\">\n              <svg viewBox=\"0 0 477.175 477.175\"><path d=\"M360.731,229.075l-225.1-225.1c-5.3-5.3-13.8-5.3-19.1,0s-5.3,13.8,0,19.1l215.5,215.5l-215.5,215.5\n\t\tc-5.3,5.3-5.3,13.8,0,19.1c2.6,2.6,6.1,4,9.5,4c3.4,0,6.9-1.3,9.5-4l225.1-225.1C365.931,242.875,365.931,234.275,360.731,229.075z\"><\/path><\/svg>\n            <\/span>\n            <span class=\"sr-only\">\n              <svg viewBox=\"0 0 477.175 477.175\"><path d=\"M360.731,229.075l-225.1-225.1c-5.3-5.3-13.8-5.3-19.1,0s-5.3,13.8,0,19.1l215.5,215.5l-215.5,215.5\n\t\tc-5.3,5.3-5.3,13.8,0,19.1c2.6,2.6,6.1,4,9.5,4c3.4,0,6.9-1.3,9.5-4l225.1-225.1C365.931,242.875,365.931,234.275,360.731,229.075z\"><\/path><\/svg>\n            <\/span>\n          <\/a>\n        <\/div>\n      <\/div>\n    <\/section>\n    <section class=\"u-clearfix u-gradient u-section-4\" id=\"block-3\">\n      <div class=\"u-clearfix u-sheet u-valign-middle-xs u-sheet-1\">\n        <p class=\"u-custom-font u-font-montserrat u-text u-text-body-alt-color u-text-1\">Avis Maeva &amp; Robin<\/p>\n        <div class=\"u-clearfix u-group-elements u-group-elements-1\" data-animation-name=\"customAnimationIn\" data-animation-duration=\"1000\" data-animation-delay=\"0\">\n          <span class=\"u-align-left u-icon u-icon-1\"><svg class=\"u-svg-link\" preserveAspectRatio=\"xMidYMin slice\" viewBox=\"0 0 53.867 53.867\" style=\"\"><use xlink:href=\"#svg-64e3\"><\/use><\/svg><svg class=\"u-svg-content\" viewBox=\"0 0 53.867 53.867\" x=\"0px\" y=\"0px\" id=\"svg-64e3\" style=\"enable-background:new 0 0 53.867 53.867;\"><polygon style=\"fill:currentColor;\" points=\"26.934,1.318 35.256,18.182 53.867,20.887 40.4,34.013 43.579,52.549 26.934,43.798 \n\t10.288,52.549 13.467,34.013 0,20.887 18.611,18.182 \"><\/polygon><\/svg><\/span>\n          <span class=\"u-align-left u-icon u-icon-2\"><svg class=\"u-svg-link\" preserveAspectRatio=\"xMidYMin slice\" viewBox=\"0 0 53.867 53.867\" style=\"\"><use xlink:href=\"#svg-a331\"><\/use><\/svg><svg class=\"u-svg-content\" viewBox=\"0 0 53.867 53.867\" x=\"0px\" y=\"0px\" id=\"svg-a331\" style=\"enable-background:new 0 0 53.867 53.867;\"><polygon style=\"fill:currentColor;\" points=\"26.934,1.318 35.256,18.182 53.867,20.887 40.4,34.013 43.579,52.549 26.934,43.798 \n\t10.288,52.549 13.467,34.013 0,20.887 18.611,18.182 \"><\/polygon><\/svg><\/span>\n          <span class=\"u-align-left u-icon u-icon-3\"><svg class=\"u-svg-link\" preserveAspectRatio=\"xMidYMin slice\" viewBox=\"0 0 53.867 53.867\" style=\"\"><use xlink:href=\"#svg-4114\"><\/use><\/svg><svg class=\"u-svg-content\" viewBox=\"0 0 53.867 53.867\" x=\"0px\" y=\"0px\" id=\"svg-4114\" style=\"enable-background:new 0 0 53.867 53.867;\"><polygon style=\"fill:currentColor;\" points=\"26.934,1.318 35.256,18.182 53.867,20.887 40.4,34.013 43.579,52.549 26.934,43.798 \n\t10.288,52.549 13.467,34.013 0,20.887 18.611,18.182 \"><\/polygon><\/svg><\/span>\n          <span class=\"u-align-left u-icon u-icon-4\"><svg class=\"u-svg-link\" preserveAspectRatio=\"xMidYMin slice\" viewBox=\"0 0 53.867 53.867\" style=\"\"><use xlink:href=\"#svg-b553\"><\/use><\/svg><svg class=\"u-svg-content\" viewBox=\"0 0 53.867 53.867\" x=\"0px\" y=\"0px\" id=\"svg-b553\" style=\"enable-background:new 0 0 53.867 53.867;\"><polygon style=\"fill:currentColor;\" points=\"26.934,1.318 35.256,18.182 53.867,20.887 40.4,34.013 43.579,52.549 26.934,43.798 \n\t10.288,52.549 13.467,34.013 0,20.887 18.611,18.182 \"><\/polygon><\/svg><\/span>\n          <span class=\"u-icon u-icon-5\"><svg class=\"u-svg-link\" preserveAspectRatio=\"xMidYMin slice\" viewBox=\"0 0 53.867 53.867\" style=\"\"><use xlink:href=\"#svg-3a63\"><\/use><\/svg><svg class=\"u-svg-content\" viewBox=\"0 0 53.867 53.867\" x=\"0px\" y=\"0px\" id=\"svg-3a63\" style=\"enable-background:new 0 0 53.867 53.867;\"><polygon style=\"fill:currentColor;\" points=\"26.934,1.318 35.256,18.182 53.867,20.887 40.4,34.013 43.579,52.549 26.934,43.798 \n\t10.288,52.549 13.467,34.013 0,20.887 18.611,18.182 \"><\/polygon><\/svg><\/span>\n        <\/div>\n        <div class=\"u-expanded-width-xs u-video u-video-contain u-video-1\">\n          <div class=\"embed-responsive embed-responsive-1\">\n            <iframe style=\"position: absolute;top: 0;left: 0;width: 100%;height: 100%;\" class=\"embed-responsive-item\" src=\"https:\/\/www.youtube.com\/embed\/gvhhcreYUuQ?mute=0&amp;showinfo=0&amp;controls=0&amp;start=0\" frameborder=\"0\" allowfullscreen=\"\"><\/iframe>\n          <\/div>\n        <\/div>\n        <p class=\"u-align-center-xs u-custom-font u-font-montserrat u-text u-text-body-alt-color u-text-2\">Un grand merci \u00e0 cette \u00e9quipe pour son professionnalisme et sa rigueur&nbsp;dans les r\u00e9alisations faites pour ma femme et moi \u00e0 l\u2019occasion du plus beau jour de notre vie &#x1f48d;<br>Merci \u00e0 Luigi et Hadrien ! Je recommande vivement ! \n        <\/p>\n        <div class=\"u-rotation-parent u-rotation-parent-1\">\n          <div class=\"u-shape u-shape-svg u-text-custom-color-26 u-shape-1\">\n            <svg class=\"u-svg-link\" preserveAspectRatio=\"none\" viewBox=\"0 0 160 100\" style=\"\"><use xlink:href=\"#svg-4e51\"><\/use><\/svg>\n            <svg class=\"u-svg-content\" viewBox=\"0 0 160 100\" x=\"0px\" y=\"0px\" id=\"svg-4e51\" style=\"enable-background:new 0 0 160 100;\"><g><path d=\"M109.2,99.9L160,50L109.2,0H75.6l38.7,38H0v24.2h114L75.6,100L109.2,99.9z\"><\/path>\n<\/g><\/svg>\n          <\/div>\n        <\/div>\n        <p class=\"u-custom-font u-font-montserrat u-text u-text-body-alt-color u-text-3\" data-animation-name=\"customAnimationIn\" data-animation-duration=\"1000\" data-animation-delay=\"0\">Cliquer ici pour le plein \u00e9cran<\/p>\n      <\/div>\n    <\/section>\n    \n    \n    \n  \n<\/div>","protected":false},"excerpt":{"rendered":"<p>Maeva &amp; Robin Degasperi Cinema Sous le soleil chaleureux de l\u2019\u00e9t\u00e9 ard\u00e9chois, Ma\u00ebva et Robin ont c\u00e9l\u00e9br\u00e9 leur mariage entour\u00e9s de 40 \u00e0 50 proches, dans le cadre naturel et \u00e9l\u00e9gant d\u2019un domaine. Baign\u00e9e de lumi\u00e8re et de douceur estivale, cette journ\u00e9e a \u00e9t\u00e9 marqu\u00e9e par une ambiance intime et authentique.Nous avons captur\u00e9 chaque instant [&hellip;]<\/p>\n","protected":false},"author":1,"featured_media":0,"parent":0,"menu_order":0,"comment_status":"closed","ping_status":"closed","template":"","meta":{"footnotes":""},"class_list":["post-427","page","type-page","status-publish","hentry"],"_links":{"self":[{"href":"https:\/\/degaspericinema.com\/index.php\/wp-json\/wp\/v2\/pages\/427","targetHints":{"allow":["GET"]}}],"collection":[{"href":"https:\/\/degaspericinema.com\/index.php\/wp-json\/wp\/v2\/pages"}],"about":[{"href":"https:\/\/degaspericinema.com\/index.php\/wp-json\/wp\/v2\/types\/page"}],"author":[{"embeddable":true,"href":"https:\/\/degaspericinema.com\/index.php\/wp-json\/wp\/v2\/users\/1"}],"replies":[{"embeddable":true,"href":"https:\/\/degaspericinema.com\/index.php\/wp-json\/wp\/v2\/comments?post=427"}],"version-history":[{"count":6,"href":"https:\/\/degaspericinema.com\/index.php\/wp-json\/wp\/v2\/pages\/427\/revisions"}],"predecessor-version":[{"id":453,"href":"https:\/\/degaspericinema.com\/index.php\/wp-json\/wp\/v2\/pages\/427\/revisions\/453"}],"wp:attachment":[{"href":"https:\/\/degaspericinema.com\/index.php\/wp-json\/wp\/v2\/media?parent=427"}],"curies":[{"name":"wp","href":"https:\/\/api.w.org\/{rel}","templated":true}]}}