{"id":384,"date":"2026-01-08T15:11:32","date_gmt":"2026-01-08T14:11:32","guid":{"rendered":"https:\/\/degaspericinema.com\/?page_id=384"},"modified":"2026-02-02T13:10:38","modified_gmt":"2026-02-02T12:10:38","slug":"mariage-l-r-1","status":"publish","type":"page","link":"https:\/\/degaspericinema.com\/index.php\/mariage-l-r-1\/","title":{"rendered":"Mariage L R 2"},"content":{"rendered":"<div class=\"\" style=\"\" >\n    \n    <section class=\"u-clearfix u-gradient u-section-2\" id=\"block-1\">\n      <div class=\"u-clearfix u-sheet u-sheet-1\">\n        <p class=\"u-align-left-lg u-align-left-md u-align-left-sm u-align-left-xl u-custom-font u-font-montserrat u-text u-text-body-alt-color u-text-1\">Laura &amp; Romain<\/p>\n        <p class=\"u-custom-font u-font-montserrat u-text u-text-body-alt-color u-text-2\">De gasperi Cinema <\/p>\n        <p class=\"u-align-center-xs u-custom-font u-font-montserrat u-text u-text-body-alt-color u-text-3\"> En septembre, au c\u0153ur de la Dr\u00f4me, Laura et Romain ont c\u00e9l\u00e9br\u00e9 leur union lors d\u2019un mariage intime rassemblant une cinquantaine d\u2019invit\u00e9s. Sous la chaleur douce de la fin d\u2019\u00e9t\u00e9, leur journ\u00e9e s\u2019est d\u00e9roul\u00e9e dans une salle des f\u00eates, tra\u200bnsform\u00e9e pour l\u2019occasion en un d\u00e9cor chaleureux et convivial.<br>\u00c0 leur demande, nous avons r\u00e9alis\u00e9 un film \u00e0 l\u2019approche cin\u00e9matographique, mettant en lumi\u00e8re les \u00e9motions, les regards et les instants spontan\u00e9s, pour cr\u00e9er un souvenir authentique et intemporel de cette journ\u00e9e unique.<br>\n          <br>\n        <\/p>\n      <\/div>\n    <\/section>\n    <section class=\"u-clearfix u-gradient u-section-3\" id=\"block-2\">\n      <div class=\"u-clearfix u-sheet u-valign-middle-xs u-sheet-1\">\n        <div class=\"u-expanded-width u-gallery u-layout-horizontal u-lightbox u-no-transition u-show-text-on-hover u-gallery-1\">\n          <div class=\"u-gallery-inner\"><div class=\"u-effect-fade u-gallery-item u-gallery-item-1\"><div class=\"u-back-slide\" data-image-width=\"1920\" data-image-height=\"1080\"><img decoding=\"async\" class=\"u-back-image\" src=\"https:\/\/degaspericinema.com\/wp-content\/uploads\/2026\/01\/prepa2.png\">\n<\/div><div class=\"u-over-slide u-shading u-over-slide-1\"><\/div>\n<\/div><div class=\"u-effect-fade u-gallery-item u-gallery-item-2\"><div class=\"u-back-slide\" data-image-width=\"2048\" data-image-height=\"1152\"><img decoding=\"async\" class=\"u-back-image\" src=\"https:\/\/degaspericinema.com\/wp-content\/uploads\/2026\/01\/Upscale-2025-12-09-12_33_02.png\">\n<\/div><div class=\"u-over-slide u-shading u-over-slide-2\"><\/div>\n<\/div><div class=\"u-effect-fade u-gallery-item u-gallery-item-3\"><div class=\"u-back-slide\" data-image-width=\"2048\" data-image-height=\"1152\"><img decoding=\"async\" class=\"u-back-image\" src=\"https:\/\/degaspericinema.com\/wp-content\/uploads\/2026\/01\/Upscale-2025-12-09-10_56_22.png\">\n<\/div><div class=\"u-over-slide u-shading u-over-slide-3\"><\/div>\n<\/div><div class=\"u-effect-fade u-gallery-item u-gallery-item-4\"><div class=\"u-back-slide\" data-image-width=\"2048\" data-image-height=\"1152\"><img decoding=\"async\" class=\"u-back-image\" src=\"https:\/\/degaspericinema.com\/wp-content\/uploads\/2026\/01\/Upscale-2025-12-09-12_34_17.png\">\n<\/div><div class=\"u-over-slide u-shading u-over-slide-4\"><\/div>\n<\/div><\/div>\n          <a class=\"u-absolute-vcenter u-gallery-nav u-gallery-nav-prev u-icon-circle u-opacity u-opacity-70 u-spacing-10 u-text-white u-gallery-nav-1\" href=\"#\" role=\"button\">\n            <span aria-hidden=\"true\">\n              <svg viewBox=\"0 0 477.175 477.175\"><path d=\"M145.188,238.575l215.5-215.5c5.3-5.3,5.3-13.8,0-19.1s-13.8-5.3-19.1,0l-225.1,225.1c-5.3,5.3-5.3,13.8,0,19.1l225.1,225\n\t\tc2.6,2.6,6.1,4,9.5,4s6.9-1.3,9.5-4c5.3-5.3,5.3-13.8,0-19.1L145.188,238.575z\"><\/path><\/svg>\n            <\/span>\n            <span class=\"sr-only\">\n              <svg viewBox=\"0 0 477.175 477.175\"><path d=\"M145.188,238.575l215.5-215.5c5.3-5.3,5.3-13.8,0-19.1s-13.8-5.3-19.1,0l-225.1,225.1c-5.3,5.3-5.3,13.8,0,19.1l225.1,225\n\t\tc2.6,2.6,6.1,4,9.5,4s6.9-1.3,9.5-4c5.3-5.3,5.3-13.8,0-19.1L145.188,238.575z\"><\/path><\/svg>\n            <\/span>\n          <\/a>\n          <a class=\"u-gallery-nav u-gallery-nav-next u-icon-circle u-opacity u-opacity-70 u-spacing-10 u-text-white u-gallery-nav-2\" href=\"#\" role=\"button\">\n            <span aria-hidden=\"true\">\n              <svg viewBox=\"0 0 477.175 477.175\"><path d=\"M360.731,229.075l-225.1-225.1c-5.3-5.3-13.8-5.3-19.1,0s-5.3,13.8,0,19.1l215.5,215.5l-215.5,215.5\n\t\tc-5.3,5.3-5.3,13.8,0,19.1c2.6,2.6,6.1,4,9.5,4c3.4,0,6.9-1.3,9.5-4l225.1-225.1C365.931,242.875,365.931,234.275,360.731,229.075z\"><\/path><\/svg>\n            <\/span>\n            <span class=\"sr-only\">\n              <svg viewBox=\"0 0 477.175 477.175\"><path d=\"M360.731,229.075l-225.1-225.1c-5.3-5.3-13.8-5.3-19.1,0s-5.3,13.8,0,19.1l215.5,215.5l-215.5,215.5\n\t\tc-5.3,5.3-5.3,13.8,0,19.1c2.6,2.6,6.1,4,9.5,4c3.4,0,6.9-1.3,9.5-4l225.1-225.1C365.931,242.875,365.931,234.275,360.731,229.075z\"><\/path><\/svg>\n            <\/span>\n          <\/a>\n        <\/div>\n      <\/div>\n    <\/section>\n    <section class=\"u-clearfix u-gradient u-section-4\" id=\"block-3\">\n      <div class=\"u-clearfix u-sheet u-sheet-1\">\n        <p class=\"u-custom-font u-font-montserrat u-text u-text-body-alt-color u-text-1\">Avis Laura &amp; Romain<\/p>\n        <div class=\"u-clearfix u-group-elements u-group-elements-1\" data-animation-name=\"customAnimationIn\" data-animation-duration=\"1000\" data-animation-delay=\"500\">\n          <span class=\"u-align-left u-icon u-icon-1\"><svg class=\"u-svg-link\" preserveAspectRatio=\"xMidYMin slice\" viewBox=\"0 0 53.867 53.867\" style=\"\"><use xlink:href=\"#svg-3cfc\"><\/use><\/svg><svg class=\"u-svg-content\" viewBox=\"0 0 53.867 53.867\" x=\"0px\" y=\"0px\" id=\"svg-3cfc\" style=\"enable-background:new 0 0 53.867 53.867;\"><polygon style=\"fill:currentColor;\" points=\"26.934,1.318 35.256,18.182 53.867,20.887 40.4,34.013 43.579,52.549 26.934,43.798 \n\t10.288,52.549 13.467,34.013 0,20.887 18.611,18.182 \"><\/polygon><\/svg><\/span>\n          <span class=\"u-align-left u-icon u-icon-2\"><svg class=\"u-svg-link\" preserveAspectRatio=\"xMidYMin slice\" viewBox=\"0 0 53.867 53.867\" style=\"\"><use xlink:href=\"#svg-9e6c\"><\/use><\/svg><svg class=\"u-svg-content\" viewBox=\"0 0 53.867 53.867\" x=\"0px\" y=\"0px\" id=\"svg-9e6c\" style=\"enable-background:new 0 0 53.867 53.867;\"><polygon style=\"fill:currentColor;\" points=\"26.934,1.318 35.256,18.182 53.867,20.887 40.4,34.013 43.579,52.549 26.934,43.798 \n\t10.288,52.549 13.467,34.013 0,20.887 18.611,18.182 \"><\/polygon><\/svg><\/span>\n          <span class=\"u-align-left u-icon u-icon-3\"><svg class=\"u-svg-link\" preserveAspectRatio=\"xMidYMin slice\" viewBox=\"0 0 53.867 53.867\" style=\"\"><use xlink:href=\"#svg-21d2\"><\/use><\/svg><svg class=\"u-svg-content\" viewBox=\"0 0 53.867 53.867\" x=\"0px\" y=\"0px\" id=\"svg-21d2\" style=\"enable-background:new 0 0 53.867 53.867;\"><polygon style=\"fill:currentColor;\" points=\"26.934,1.318 35.256,18.182 53.867,20.887 40.4,34.013 43.579,52.549 26.934,43.798 \n\t10.288,52.549 13.467,34.013 0,20.887 18.611,18.182 \"><\/polygon><\/svg><\/span>\n          <span class=\"u-align-left u-icon u-icon-4\"><svg class=\"u-svg-link\" preserveAspectRatio=\"xMidYMin slice\" viewBox=\"0 0 53.867 53.867\" style=\"\"><use xlink:href=\"#svg-ec6c\"><\/use><\/svg><svg class=\"u-svg-content\" viewBox=\"0 0 53.867 53.867\" x=\"0px\" y=\"0px\" id=\"svg-ec6c\" style=\"enable-background:new 0 0 53.867 53.867;\"><polygon style=\"fill:currentColor;\" points=\"26.934,1.318 35.256,18.182 53.867,20.887 40.4,34.013 43.579,52.549 26.934,43.798 \n\t10.288,52.549 13.467,34.013 0,20.887 18.611,18.182 \"><\/polygon><\/svg><\/span>\n          <span class=\"u-icon u-icon-5\"><svg class=\"u-svg-link\" preserveAspectRatio=\"xMidYMin slice\" viewBox=\"0 0 53.867 53.867\" style=\"\"><use xlink:href=\"#svg-52b9\"><\/use><\/svg><svg class=\"u-svg-content\" viewBox=\"0 0 53.867 53.867\" x=\"0px\" y=\"0px\" id=\"svg-52b9\" style=\"enable-background:new 0 0 53.867 53.867;\"><polygon style=\"fill:currentColor;\" points=\"26.934,1.318 35.256,18.182 53.867,20.887 40.4,34.013 43.579,52.549 26.934,43.798 \n\t10.288,52.549 13.467,34.013 0,20.887 18.611,18.182 \"><\/polygon><\/svg><\/span>\n        <\/div>\n        <p class=\"u-align-center-xs u-custom-font u-font-montserrat u-text u-text-body-alt-color u-text-2\">\"Une entreprise qui a le go\u00fbt du d\u00e9tails ! Luigi et Hadrien ont su r\u00e9pondre a toutes mes demandes m\u00eame les plus farfelues pour ma vid\u00e9o de mariage digne d'un grand film !&#x1f48d;&#x1f3ac; Une \u00e9quipe tr\u00e8s investi et r\u00e9active qui m'as permis d'avoir un souvenir de mon mariage ! Je recommande sans h\u00e9siter cette \u00e9quipe dynamique, a l'\u00e9coute et tr\u00e8s professionnelle !\u200b\"<\/p>\n        <div class=\"u-expanded-width-xs u-video u-video-contain u-video-1\">\n          <div class=\"embed-responsive embed-responsive-1\">\n            <iframe style=\"position: absolute;top: 0;left: 0;width: 100%;height: 100%;\" class=\"embed-responsive-item\" src=\"https:\/\/www.youtube.com\/embed\/i5hepDG8Ekk?mute=0&amp;showinfo=0&amp;controls=0&amp;start=0\" frameborder=\"0\" allowfullscreen=\"\"><\/iframe>\n          <\/div>\n        <\/div>\n        <div class=\"u-rotation-parent u-rotation-parent-1\">\n          <div class=\"u-shape u-shape-svg u-text-custom-color-26 u-shape-1\">\n            <svg class=\"u-svg-link\" preserveAspectRatio=\"none\" viewBox=\"0 0 160 100\" style=\"\"><use xlink:href=\"#svg-9ec6\"><\/use><\/svg>\n            <svg class=\"u-svg-content\" viewBox=\"0 0 160 100\" x=\"0px\" y=\"0px\" id=\"svg-9ec6\" style=\"enable-background:new 0 0 160 100;\"><g><path d=\"M109.2,99.9L160,50L109.2,0H75.6l38.7,38H0v24.2h114L75.6,100L109.2,99.9z\"><\/path>\n<\/g><\/svg>\n          <\/div>\n        <\/div>\n        <p class=\"u-custom-font u-font-montserrat u-text u-text-body-alt-color u-text-3\" data-animation-name=\"customAnimationIn\" data-animation-duration=\"1000\" data-animation-delay=\"1000\">Cliquer ici pour le plein \u00e9cran<\/p>\n      <\/div>\n    <\/section>\n    \n    \n    \n  \n<\/div>","protected":false},"excerpt":{"rendered":"<p>Laura &amp; Romain De gasperi Cinema En septembre, au c\u0153ur de la Dr\u00f4me, Laura et Romain ont c\u00e9l\u00e9br\u00e9 leur union lors d\u2019un mariage intime rassemblant une cinquantaine d\u2019invit\u00e9s. Sous la chaleur douce de la fin d\u2019\u00e9t\u00e9, leur journ\u00e9e s\u2019est d\u00e9roul\u00e9e dans une salle des f\u00eates, tra\u200bnsform\u00e9e pour l\u2019occasion en un d\u00e9cor chaleureux et convivial.\u00c0 leur [&hellip;]<\/p>\n","protected":false},"author":1,"featured_media":0,"parent":0,"menu_order":0,"comment_status":"closed","ping_status":"closed","template":"","meta":{"footnotes":""},"class_list":["post-384","page","type-page","status-publish","hentry"],"_links":{"self":[{"href":"https:\/\/degaspericinema.com\/index.php\/wp-json\/wp\/v2\/pages\/384","targetHints":{"allow":["GET"]}}],"collection":[{"href":"https:\/\/degaspericinema.com\/index.php\/wp-json\/wp\/v2\/pages"}],"about":[{"href":"https:\/\/degaspericinema.com\/index.php\/wp-json\/wp\/v2\/types\/page"}],"author":[{"embeddable":true,"href":"https:\/\/degaspericinema.com\/index.php\/wp-json\/wp\/v2\/users\/1"}],"replies":[{"embeddable":true,"href":"https:\/\/degaspericinema.com\/index.php\/wp-json\/wp\/v2\/comments?post=384"}],"version-history":[{"count":17,"href":"https:\/\/degaspericinema.com\/index.php\/wp-json\/wp\/v2\/pages\/384\/revisions"}],"predecessor-version":[{"id":649,"href":"https:\/\/degaspericinema.com\/index.php\/wp-json\/wp\/v2\/pages\/384\/revisions\/649"}],"wp:attachment":[{"href":"https:\/\/degaspericinema.com\/index.php\/wp-json\/wp\/v2\/media?parent=384"}],"curies":[{"name":"wp","href":"https:\/\/api.w.org\/{rel}","templated":true}]}}