{"id":243,"date":"2025-12-19T14:56:26","date_gmt":"2025-12-19T13:56:26","guid":{"rendered":"https:\/\/degaspericinema.com\/?page_id=243"},"modified":"2026-01-28T19:35:48","modified_gmt":"2026-01-28T18:35:48","slug":"mariage-a-h","status":"publish","type":"page","link":"https:\/\/degaspericinema.com\/index.php\/mariage-a-h\/","title":{"rendered":"Mariage A H"},"content":{"rendered":"<div class=\"\" style=\"\" >\n    \n    <section class=\"u-clearfix u-gradient u-section-2\" id=\"sec-ac3f\">\n      <div class=\"u-clearfix u-sheet u-sheet-1\">\n        <p class=\"u-align-center-xs u-custom-font u-font-montserrat u-text u-text-default u-text-white u-text-1\">Audrey &amp; Hugues<\/p>\n        <p class=\"u-custom-font u-font-montserrat u-text u-text-default u-text-grey-5 u-text-2\">De gasperi Cinema<\/p>\n        <p class=\"u-align-center-xs u-align-left-lg u-align-left-md u-align-left-sm u-align-left-xl u-custom-font u-font-montserrat u-text u-text-body-alt-color u-text-3\">Audrey et Hugues ont choisi de c\u00e9l\u00e9brer leur amour au c\u0153ur du Vaucluse, un d\u00e9cor lumineux et chaleureux qui refl\u00e8te parfaitement leur \u00e9nergie. Leur mariage du 07 juin 2025 a \u00e9t\u00e9 un v\u00e9ritable tourbillon de f\u00eate, de rires et de moments complices partag\u00e9s avec leurs proches.\nEn tant que vid\u00e9astes de mariage, nous avons eu le\u200b privil\u00e8ge de les accompagner tout au long de cette journ\u00e9e vibrante. Entre \u00e9clats de joie, regards remplis d\u2019\u00e9motions et instants spontan\u00e9s, chaque sc\u00e8ne racontait une histoire : la leur.<\/p>\n      <\/div>\n    <\/section>\n    <section class=\"u-clearfix u-gradient u-section-3\" id=\"sec-5532\">\n      <div class=\"u-clearfix u-sheet u-valign-middle-lg u-valign-middle-md u-valign-middle-sm u-valign-middle-xl u-sheet-1\">\n        <div class=\"u-expanded-width u-gallery u-layout-horizontal u-lightbox u-no-transition u-show-text-on-hover u-width-image u-gallery-1\" id=\"carousel-ab97\">\n          <div class=\"u-gallery-inner u-gallery-inner-1\" role=\"listbox\"><div class=\"u-effect-fade u-effect-hover-zoom u-gallery-item u-gallery-item-1\"><div class=\"u-back-slide\" data-image-width=\"2624\" data-image-height=\"3936\"><img decoding=\"async\" class=\"u-back-image\" src=\"https:\/\/degaspericinema.com\/wp-content\/uploads\/2025\/12\/0111_A_H-111-scaled.jpg\">\n<\/div><div class=\"u-align-center u-over-slide u-shading u-over-slide-1\"><\/div>\n<\/div><div class=\"u-effect-fade u-effect-hover-zoom u-gallery-item u-gallery-item-2\"><div class=\"u-back-slide u-back-slide-2\" data-image-width=\"5923\" data-image-height=\"3949\"><img decoding=\"async\" src=\"https:\/\/degaspericinema.com\/wp-content\/uploads\/2025\/12\/0340_A_H-351-scaled.jpg\" alt=\"\" data-image-width=\"2000\" data-image-height=\"1333\" class=\"u-back-image\">\n<\/div><div class=\"u-align-center u-over-slide u-shading u-over-slide-2\"><\/div>\n<\/div><div class=\"u-effect-fade u-effect-hover-zoom u-gallery-item u-gallery-item-3\"><div class=\"u-back-slide\" data-image-width=\"4000\" data-image-height=\"2667\"><img decoding=\"async\" class=\"u-back-image\" src=\"https:\/\/degaspericinema.com\/wp-content\/uploads\/2025\/12\/0061_A_H-061-scaled.jpg\">\n<\/div><div class=\"u-align-center u-over-slide u-shading u-over-slide-3\"><\/div>\n<\/div><div class=\"u-effect-fade u-effect-hover-zoom u-gallery-item u-gallery-item-4\" data-image-width=\"3682\" data-image-height=\"2455\"><div class=\"u-back-slide u-back-slide-4\"><img decoding=\"async\" class=\"u-back-image u-back-image-4\" src=\"https:\/\/degaspericinema.com\/wp-content\/uploads\/2025\/12\/0256_A_H-256-scaled.jpg\">\n<\/div><div class=\"u-align-center u-over-slide u-shading u-over-slide-4\"><\/div>\n<\/div><div class=\"u-effect-fade u-effect-hover-zoom u-gallery-item u-gallery-item-5\" data-image-width=\"3630\" data-image-height=\"2420\"><div class=\"u-back-slide\"><img decoding=\"async\" class=\"u-back-image\" src=\"https:\/\/degaspericinema.com\/wp-content\/uploads\/2025\/12\/0254_A_H-254-scaled.jpg\">\n<\/div><div class=\"u-align-center u-over-slide u-shading u-over-slide-5\"><\/div>\n<\/div><div class=\"u-effect-fade u-effect-hover-zoom u-gallery-item u-gallery-item-6\" data-image-width=\"2537\" data-image-height=\"3805\"><div class=\"u-back-slide\"><img decoding=\"async\" class=\"u-back-image\" src=\"https:\/\/degaspericinema.com\/wp-content\/uploads\/2025\/12\/0377_A_H-388-scaled.jpg\">\n<\/div><div class=\"u-align-center u-over-slide u-shading u-over-slide-6\"><\/div>\n<\/div><\/div>\n          <a class=\"u-border-2 u-border-hover-custom-color-23 u-border-white u-gallery-nav u-gallery-nav-prev u-icon-circle u-opacity u-opacity-70 u-spacing-10 u-text-custom-color-23 u-gallery-nav-1\" href=\"#\" role=\"button\">\n            <span aria-hidden=\"true\">\n              <svg viewBox=\"0 0 451.847 451.847\"><path d=\"M97.141,225.92c0-8.095,3.091-16.192,9.259-22.366L300.689,9.27c12.359-12.359,32.397-12.359,44.751,0\nc12.354,12.354,12.354,32.388,0,44.748L173.525,225.92l171.903,171.909c12.354,12.354,12.354,32.391,0,44.744\nc-12.354,12.365-32.386,12.365-44.745,0l-194.29-194.281C100.226,242.115,97.141,234.018,97.141,225.92z\"><\/path><\/svg>\n            <\/span>\n            <span class=\"sr-only\">\n              <svg viewBox=\"0 0 451.847 451.847\"><path d=\"M97.141,225.92c0-8.095,3.091-16.192,9.259-22.366L300.689,9.27c12.359-12.359,32.397-12.359,44.751,0\nc12.354,12.354,12.354,32.388,0,44.748L173.525,225.92l171.903,171.909c12.354,12.354,12.354,32.391,0,44.744\nc-12.354,12.365-32.386,12.365-44.745,0l-194.29-194.281C100.226,242.115,97.141,234.018,97.141,225.92z\"><\/path><\/svg>\n            <\/span>\n          <\/a>\n          <a class=\"u-absolute-vcenter-lg u-absolute-vcenter-md u-absolute-vcenter-sm u-absolute-vcenter-xl u-border-2 u-border-hover-custom-color-23 u-border-white u-gallery-nav u-gallery-nav-next u-icon-circle u-opacity u-opacity-70 u-spacing-10 u-text-custom-color-23 u-gallery-nav-2\" href=\"#\" role=\"button\">\n            <span aria-hidden=\"true\">\n              <svg viewBox=\"0 0 451.846 451.847\"><path d=\"M345.441,248.292L151.154,442.573c-12.359,12.365-32.397,12.365-44.75,0c-12.354-12.354-12.354-32.391,0-44.744\nL278.318,225.92L106.409,54.017c-12.354-12.359-12.354-32.394,0-44.748c12.354-12.359,32.391-12.359,44.75,0l194.287,194.284\nc6.177,6.18,9.262,14.271,9.262,22.366C354.708,234.018,351.617,242.115,345.441,248.292z\"><\/path><\/svg>\n            <\/span>\n            <span class=\"sr-only\">\n              <svg viewBox=\"0 0 451.846 451.847\"><path d=\"M345.441,248.292L151.154,442.573c-12.359,12.365-32.397,12.365-44.75,0c-12.354-12.354-12.354-32.391,0-44.744\nL278.318,225.92L106.409,54.017c-12.354-12.359-12.354-32.394,0-44.748c12.354-12.359,32.391-12.359,44.75,0l194.287,194.284\nc6.177,6.18,9.262,14.271,9.262,22.366C354.708,234.018,351.617,242.115,345.441,248.292z\"><\/path><\/svg>\n            <\/span>\n          <\/a>\n          <div class=\"u-effect-fade u-effect-hover-zoom u-gallery-item u-gallery-item-7\" data-image-width=\"3630\" data-image-height=\"2420\">\n            <div class=\"u-back-slide\">\n              <img decoding=\"async\" class=\"u-back-image\" src=\"https:\/\/degaspericinema.com\/wp-content\/uploads\/2025\/12\/0254_A_H-254-scaled.jpg\">\n            <\/div>\n            <div class=\"u-align-center u-over-slide u-shading u-over-slide-7\"><\/div>\n          <\/div>\n        <\/div>\n      <\/div>\n    <\/section>\n    <section class=\"u-clearfix u-gradient u-section-4\" id=\"sec-b272\">\n      <div class=\"u-clearfix u-sheet u-sheet-1\">\n        <div class=\"u-clearfix u-group-elements u-group-elements-1\" data-animation-name=\"customAnimationIn\" data-animation-duration=\"1000\" data-animation-delay=\"500\">\n          <span class=\"u-align-left u-icon u-icon-1\"><svg class=\"u-svg-link\" preserveAspectRatio=\"xMidYMin slice\" viewBox=\"0 0 53.867 53.867\" style=\"\"><use xlink:href=\"#svg-65ed\"><\/use><\/svg><svg class=\"u-svg-content\" viewBox=\"0 0 53.867 53.867\" x=\"0px\" y=\"0px\" id=\"svg-65ed\" style=\"enable-background:new 0 0 53.867 53.867;\"><polygon style=\"fill:currentColor;\" points=\"26.934,1.318 35.256,18.182 53.867,20.887 40.4,34.013 43.579,52.549 26.934,43.798 \n\t10.288,52.549 13.467,34.013 0,20.887 18.611,18.182 \"><\/polygon><\/svg><\/span>\n          <span class=\"u-align-left u-icon u-icon-2\"><svg class=\"u-svg-link\" preserveAspectRatio=\"xMidYMin slice\" viewBox=\"0 0 53.867 53.867\" style=\"\"><use xlink:href=\"#svg-59be\"><\/use><\/svg><svg class=\"u-svg-content\" viewBox=\"0 0 53.867 53.867\" x=\"0px\" y=\"0px\" id=\"svg-59be\" style=\"enable-background:new 0 0 53.867 53.867;\"><polygon style=\"fill:currentColor;\" points=\"26.934,1.318 35.256,18.182 53.867,20.887 40.4,34.013 43.579,52.549 26.934,43.798 \n\t10.288,52.549 13.467,34.013 0,20.887 18.611,18.182 \"><\/polygon><\/svg><\/span>\n          <span class=\"u-icon u-icon-3\"><svg class=\"u-svg-link\" preserveAspectRatio=\"xMidYMin slice\" viewBox=\"0 0 53.867 53.867\" style=\"\"><use xlink:href=\"#svg-6e80\"><\/use><\/svg><svg class=\"u-svg-content\" viewBox=\"0 0 53.867 53.867\" x=\"0px\" y=\"0px\" id=\"svg-6e80\" style=\"enable-background:new 0 0 53.867 53.867;\"><polygon style=\"fill:currentColor;\" points=\"26.934,1.318 35.256,18.182 53.867,20.887 40.4,34.013 43.579,52.549 26.934,43.798 \n\t10.288,52.549 13.467,34.013 0,20.887 18.611,18.182 \"><\/polygon><\/svg><\/span>\n          <span class=\"u-icon u-icon-4\"><svg class=\"u-svg-link\" preserveAspectRatio=\"xMidYMin slice\" viewBox=\"0 0 53.867 53.867\" style=\"\"><use xlink:href=\"#svg-e606\"><\/use><\/svg><svg class=\"u-svg-content\" viewBox=\"0 0 53.867 53.867\" x=\"0px\" y=\"0px\" id=\"svg-e606\" style=\"enable-background:new 0 0 53.867 53.867;\"><polygon style=\"fill:currentColor;\" points=\"26.934,1.318 35.256,18.182 53.867,20.887 40.4,34.013 43.579,52.549 26.934,43.798 \n\t10.288,52.549 13.467,34.013 0,20.887 18.611,18.182 \"><\/polygon><\/svg><\/span>\n          <span class=\"u-icon u-icon-5\"><svg class=\"u-svg-link\" preserveAspectRatio=\"xMidYMin slice\" viewBox=\"0 0 53.867 53.867\" style=\"\"><use xlink:href=\"#svg-b77f\"><\/use><\/svg><svg class=\"u-svg-content\" viewBox=\"0 0 53.867 53.867\" x=\"0px\" y=\"0px\" id=\"svg-b77f\" style=\"enable-background:new 0 0 53.867 53.867;\"><polygon style=\"fill:currentColor;\" points=\"26.934,1.318 35.256,18.182 53.867,20.887 40.4,34.013 43.579,52.549 26.934,43.798 \n\t10.288,52.549 13.467,34.013 0,20.887 18.611,18.182 \"><\/polygon><\/svg><\/span>\n        <\/div>\n        <p class=\"u-custom-font u-font-montserrat u-text u-text-body-alt-color u-text-1\">Avis Audrey &amp; Hugues<\/p>\n        <div class=\"u-expanded-width-xs u-video u-video-contain u-video-1\">\n          <div class=\"embed-responsive embed-responsive-1\">\n            <iframe style=\"position: absolute;top: 0;left: 0;width: 100%;height: 100%;\" class=\"embed-responsive-item\" src=\"https:\/\/www.youtube.com\/embed\/gTFVM57af0o?mute=0&amp;showinfo=0&amp;controls=0&amp;start=0\" frameborder=\"0\" allowfullscreen=\"\"><\/iframe>\n          <\/div>\n        <\/div>\n        <p class=\"u-align-center-xs u-align-left-lg u-align-left-md u-align-left-sm u-align-left-xl u-custom-font u-font-montserrat u-text u-text-body-alt-color u-text-2\"> \"Nous nous sommes mari\u00e9s en juin 2025 et nous avons choisi Hadrien et son \u00e9quipe pour filmer.<br>Franchement nous avons \u00e9t\u00e9 extr\u00eamement satisfait.<br>Ils ont su \u00e9couter notre demande, ils ont fait preuve de discr\u00e9tion en se m\u00ealant \u00e0 notre famille et nos amis.<br>Le rendu a d\u00e9pass\u00e9 nos attentes. Les images de drone sont vraiment un plus.<br>Je recommande \u00e0 tous les futurs mari\u00e9s ou pour d'autres \u00e9v\u00e9nements souvenirs.\"\n        <\/p>\n        <div class=\"u-rotation-parent u-rotation-parent-1\">\n          <div class=\"u-shape u-shape-svg u-text-grey-40 u-shape-1\">\n            <svg class=\"u-svg-link\" preserveAspectRatio=\"none\" viewBox=\"0 0 160 100\" style=\"\"><use xlink:href=\"#svg-1dab\"><\/use><\/svg>\n            <svg class=\"u-svg-content\" viewBox=\"0 0 160 100\" x=\"0px\" y=\"0px\" id=\"svg-1dab\" style=\"enable-background:new 0 0 160 100;\"><g><path d=\"M109.2,99.9L160,50L109.2,0H75.6l38.7,38H0v24.2h114L75.6,100L109.2,99.9z\"><\/path>\n<\/g><\/svg>\n          <\/div>\n        <\/div>\n        <h1 class=\"u-align-left u-custom-font u-font-montserrat u-text u-text-body-alt-color u-text-3\" data-animation-name=\"customAnimationIn\" data-animation-duration=\"1000\" data-animation-delay=\"0\">Cliquer ici pour le plein \u00e9cran<\/h1>\n      <\/div>\n    <\/section>\n    \n    \n    \n  \n<\/div>","protected":false},"excerpt":{"rendered":"<p>Audrey &amp; Hugues De gasperi Cinema Audrey et Hugues ont choisi de c\u00e9l\u00e9brer leur amour au c\u0153ur du Vaucluse, un d\u00e9cor lumineux et chaleureux qui refl\u00e8te parfaitement leur \u00e9nergie. Leur mariage du 07 juin 2025 a \u00e9t\u00e9 un v\u00e9ritable tourbillon de f\u00eate, de rires et de moments complices partag\u00e9s avec leurs proches. En tant que [&hellip;]<\/p>\n","protected":false},"author":1,"featured_media":0,"parent":0,"menu_order":0,"comment_status":"closed","ping_status":"closed","template":"","meta":{"footnotes":""},"class_list":["post-243","page","type-page","status-publish","hentry"],"_links":{"self":[{"href":"https:\/\/degaspericinema.com\/index.php\/wp-json\/wp\/v2\/pages\/243","targetHints":{"allow":["GET"]}}],"collection":[{"href":"https:\/\/degaspericinema.com\/index.php\/wp-json\/wp\/v2\/pages"}],"about":[{"href":"https:\/\/degaspericinema.com\/index.php\/wp-json\/wp\/v2\/types\/page"}],"author":[{"embeddable":true,"href":"https:\/\/degaspericinema.com\/index.php\/wp-json\/wp\/v2\/users\/1"}],"replies":[{"embeddable":true,"href":"https:\/\/degaspericinema.com\/index.php\/wp-json\/wp\/v2\/comments?post=243"}],"version-history":[{"count":23,"href":"https:\/\/degaspericinema.com\/index.php\/wp-json\/wp\/v2\/pages\/243\/revisions"}],"predecessor-version":[{"id":648,"href":"https:\/\/degaspericinema.com\/index.php\/wp-json\/wp\/v2\/pages\/243\/revisions\/648"}],"wp:attachment":[{"href":"https:\/\/degaspericinema.com\/index.php\/wp-json\/wp\/v2\/media?parent=243"}],"curies":[{"name":"wp","href":"https:\/\/api.w.org\/{rel}","templated":true}]}}